{"id":33,"date":"2017-10-31T07:44:12","date_gmt":"2017-10-31T07:44:12","guid":{"rendered":"http:\/\/demo2.drfuri.com\/manufactory\/?page_id=33"},"modified":"2025-12-29T14:44:07","modified_gmt":"2025-12-29T14:44:07","slug":"home-3","status":"publish","type":"page","link":"https:\/\/cief.com.mx\/","title":{"rendered":"Inicio"},"content":{"rendered":"<div class=\"wpb-content-wrapper\"><p>[vc_row full_width=&#8221;stretch_row_content_no_spaces&#8221;][vc_column][rev_slider_vc alias=&#8221;slider-3&#8243;][\/vc_column][\/vc_row][vc_row][vc_column][vc_empty_space]<div class=\"mf-empty-space \" style=\"\"><div class=\"mf_empty_space_lg\"  style=\"height: 50px\"><\/div><div class=\"mf_empty_space_md\"  style=\"height: 30px\"><\/div><div class=\"mf_empty_space_xs\"  style=\"height: 30px\"><\/div><\/div><div class=\"mf-section-title text-center dark large-size \"><h2 >Instalaciones El\u00e9ctricas, Mantenimientos & Maquinados<\/h2><\/div>[\/vc_column][\/vc_row][vc_row][vc_column width=&#8221;1\/4&#8243;][vc_single_image image=&#8221;4147&#8243; img_size=&#8221;1000&#8243; css=&#8221;&#8221;][\/vc_column][vc_column width=&#8221;1\/4&#8243;][vc_single_image image=&#8221;4148&#8243; img_size=&#8221;500&#8243; css=&#8221;&#8221;]<div class=\"mf-empty-space \" style=\"\"><div class=\"mf_empty_space_lg\"  style=\"height: 50px\"><\/div><div class=\"mf_empty_space_md\"  style=\"height: 30px\"><\/div><div class=\"mf_empty_space_xs\"  style=\"height: 30px\"><\/div><\/div>[\/vc_column][vc_column width=&#8221;1\/4&#8243;][vc_single_image image=&#8221;4150&#8243; img_size=&#8221;500&#8243; css=&#8221;&#8221;][\/vc_column][vc_column width=&#8221;1\/4&#8243;][vc_single_image image=&#8221;4151&#8243; img_size=&#8221;500&#8243; css=&#8221;&#8221;][\/vc_column][\/vc_row][vc_row css=&#8221;.vc_custom_1731641859916{background-color: #f2f2f2 !important;}&#8221;][vc_column][vc_empty_space][vc_custom_heading text=&#8221;COLABORACI\u00d3N CON ITTAI DISE\u00d1O COMERCIAL PARA AEREOM\u00c9XICO&#8221; font_container=&#8221;tag:h3|text_align:left&#8221; use_theme_fonts=&#8221;yes&#8221; css=&#8221;.vc_custom_1767018385433{margin-top: 0px !important;margin-bottom: 0px !important;}&#8221; el_class=&#8221;fw-medium&#8221;][vc_row_inner][vc_column_inner offset=&#8221;vc_col-lg-4 vc_col-md-6&#8243;][vc_single_image image=&#8221;4161&#8243; img_size=&#8221;370&#215;273&#8243; alignment=&#8221;center&#8221; css=&#8221;&#8221;][\/vc_column_inner][\/vc_row_inner]<div class=\"mf-empty-space \" style=\"\"><div class=\"mf_empty_space_lg\"  style=\"height: 80px\"><\/div><div class=\"mf_empty_space_md\"  style=\"height: 50px\"><\/div><div class=\"mf_empty_space_xs\"  style=\"height: 50px\"><\/div><\/div>[\/vc_column][\/vc_row][vc_row][vc_column]<div class=\"mf-empty-space \" style=\"\"><div class=\"mf_empty_space_lg\"  style=\"height: 80px\"><\/div><div class=\"mf_empty_space_md\"  style=\"height: 50px\"><\/div><div class=\"mf_empty_space_xs\"  style=\"height: 50px\"><\/div><\/div><div class=\"mf-section-title text-center dark large-size \"><\/div><div class=\"mf-empty-space \" style=\"\"><div class=\"mf_empty_space_lg\"  style=\"height: 50px\"><\/div><div class=\"mf_empty_space_md\"  style=\"height: 30px\"><\/div><div class=\"mf_empty_space_xs\"  style=\"height: 30px\"><\/div><\/div>[vc_row_inner][vc_column_inner width=&#8221;1\/4&#8243; offset=&#8221;vc_col-lg-4 vc_col-md-6 vc_col-xs-12&#8243;]<div class=\"mf-services-2 icon_type-flaticon style-4 \"><div class=\"service-thumbnail\"><a href=\"https:\/\/cief.com.mx\/\"><span class=\"service-icon\"><i class=\"fa fa-link\"><\/i><\/span><img decoding=\"async\" class=\"\" src=\"https:\/\/cief.com.mx\/wp-content\/uploads\/2025\/05\/angeles-perez-qDSu_KbX3us-unsplash-scaled-370x200.jpg\" width=\"370\" height=\"200\" alt=\"angeles-perez-qDSu_KbX3us-unsplash\" title=\"angeles-perez-qDSu_KbX3us-unsplash\" loading=\"lazy\" \/><span class=\"mf-icon\"><i class=\"flaticon-technology\"><\/i><\/span><\/a><\/div><div class=\"service-summary\"><h4><a href=\"https:\/\/cief.com.mx\/\" title=\"Home 3\">Insumos y Componentes.<\/a><\/h4><div class=\"service-desc\">Relevadores, contactores, botoner\u00eda, cableado de alta temperatura, zapatas.<\/div><\/div><\/div><div class=\"mf-empty-space \" style=\"\"><div class=\"mf_empty_space_lg\"  style=\"height: 40px\"><\/div><div class=\"mf_empty_space_md\"  style=\"height: 40px\"><\/div><div class=\"mf_empty_space_xs\"  style=\"height: 40px\"><\/div><\/div>[\/vc_column_inner][vc_column_inner width=&#8221;1\/2&#8243; offset=&#8221;vc_col-lg-4 vc_col-md-6 vc_col-xs-12&#8243;]<div class=\"mf-services-2 icon_type-flaticon style-4 \"><div class=\"service-thumbnail\"><a href=\"https:\/\/cief.com.mx\/\"><span class=\"service-icon\"><i class=\"fa fa-link\"><\/i><\/span><img decoding=\"async\" class=\"\" src=\"https:\/\/cief.com.mx\/wp-content\/uploads\/2025\/05\/tanya-paquet-wjHdeYmI-XU-unsplash-scaled-e1746125254980-370x200.jpg\" width=\"370\" height=\"200\" alt=\"tanya-paquet-wjHdeYmI-XU-unsplash\" title=\"tanya-paquet-wjHdeYmI-XU-unsplash\" loading=\"lazy\" \/><span class=\"mf-icon\"><i class=\"flaticon-construction\"><\/i><\/span><\/a><\/div><div class=\"service-summary\"><h4><a href=\"https:\/\/cief.com.mx\/\" title=\"Construction &amp; Enginnering\" target=\"_blank\">Equipo de Seguridad Industrial<\/a><\/h4><div class=\"service-desc\">Botas con casquillo, tapones auditivos, guantes anti corte, chalecos, lente de protecci\u00f3n, etc.<\/div><\/div><\/div><div class=\"mf-empty-space \" style=\"\"><div class=\"mf_empty_space_lg\"  style=\"height: 40px\"><\/div><div class=\"mf_empty_space_md\"  style=\"height: 40px\"><\/div><div class=\"mf_empty_space_xs\"  style=\"height: 40px\"><\/div><\/div>[\/vc_column_inner][vc_column_inner width=&#8221;1\/2&#8243; offset=&#8221;vc_col-lg-4 vc_col-md-6 vc_col-xs-12&#8243;]<div class=\"mf-services-2 icon_type-flaticon style-4 \"><div class=\"service-thumbnail\"><a href=\"https:\/\/cief.com.mx\/\"><span class=\"service-icon\"><i class=\"fa fa-link\"><\/i><\/span><img decoding=\"async\" class=\"\" src=\"https:\/\/cief.com.mx\/wp-content\/uploads\/2025\/05\/afinis-group-afinis-gasket-production-IN0uI_T0vMs-unsplash-scaled-370x200.jpg\" width=\"370\" height=\"200\" alt=\"afinis-group-afinis-gasket-production-IN0uI_T0vMs-unsplash\" title=\"afinis-group-afinis-gasket-production-IN0uI_T0vMs-unsplash\" loading=\"lazy\" \/><span class=\"mf-icon\"><i class=\"\"><\/i><\/span><\/a><\/div><div class=\"service-summary\"><h4><a href=\"https:\/\/cief.com.mx\/\" title=\"Ship Building Industry\" target=\"_blank\">Empaque<\/a><\/h4><div class=\"service-desc\">Cintas empaque, emplaye, burbujas, etc.<\/div><\/div><\/div><div class=\"mf-empty-space \" style=\"\"><div class=\"mf_empty_space_lg\"  style=\"height: 40px\"><\/div><div class=\"mf_empty_space_md\"  style=\"height: 40px\"><\/div><div class=\"mf_empty_space_xs\"  style=\"height: 40px\"><\/div><\/div>[\/vc_column_inner][\/vc_row_inner][vc_separator color=&#8221;custom&#8221; css=&#8221;.vc_custom_1509003687927{padding-bottom: 40px !important;}&#8221; accent_color=&#8221;#f2f2f2&#8243;]<div class=\"mf-empty-space \" style=\"\"><div class=\"mf_empty_space_lg\"  style=\"height: 40px\"><\/div><div class=\"mf_empty_space_md\"  style=\"height: 40px\"><\/div><div class=\"mf_empty_space_xs\"  style=\"height: 40px\"><\/div><\/div>[\/vc_column][\/vc_row][vc_row][vc_column]<div class=\"mf-section-title text-center dark large-size \"><h2 >Suministros El\u00e9ctricos-Tableros de Control & Automatizaci\u00f3n<\/h2><\/div>[vc_row_inner][vc_column_inner width=&#8221;1\/4&#8243;][vc_single_image image=&#8221;4151&#8243; img_size=&#8221;500&#8243; css=&#8221;&#8221;][\/vc_column_inner][vc_column_inner width=&#8221;1\/4&#8243;][vc_single_image image=&#8221;4150&#8243; img_size=&#8221;500&#8243; css=&#8221;&#8221;][\/vc_column_inner][vc_column_inner width=&#8221;1\/4&#8243;][vc_single_image image=&#8221;4153&#8243; img_size=&#8221;500&#8243; css=&#8221;&#8221;][\/vc_column_inner][vc_column_inner width=&#8221;1\/4&#8243;][vc_single_image image=&#8221;4152&#8243; img_size=&#8221;500&#8243; css=&#8221;&#8221;][\/vc_column_inner][\/vc_row_inner][vc_separator css=&#8221;&#8221;][\/vc_column][\/vc_row][vc_row css=&#8221;.vc_custom_1731643353776{background-image: url(https:\/\/cief.com.mx\/wp-content\/uploads\/2020\/02\/hp3-quote-bg-e1731643322893.jpg?id=3908) !important;background-position: center !important;background-repeat: no-repeat !important;background-size: cover !important;}&#8221; el_class=&#8221;no-bg-mobile&#8221;][vc_column]<div class=\"mf-empty-space \" style=\"\"><div class=\"mf_empty_space_lg\"  style=\"height: 80px\"><\/div><div class=\"mf_empty_space_md\"  style=\"height: 50px\"><\/div><div class=\"mf_empty_space_xs\"  style=\"height: 50px\"><\/div><\/div>[vc_row_inner css=&#8221;.vc_custom_1509511171220{background-color: #ffffff !important;}&#8221;][vc_column_inner]<div class=\"mf-empty-space \" style=\"\"><div class=\"mf_empty_space_lg\"  style=\"height: 40px\"><\/div><div class=\"mf_empty_space_md\"  style=\"height: 40px\"><\/div><div class=\"mf_empty_space_xs\"  style=\"height: 40px\"><\/div><\/div><div class=\"mf-section-title text-center dark large-size \"><h2 >Estamos Aqu\u00ed Para Ayudarte<\/h2><\/div><div class=\"mf-empty-space \" style=\"\"><div class=\"mf_empty_space_lg\"  style=\"height: 50px\"><\/div><div class=\"mf_empty_space_md\"  style=\"height: 30px\"><\/div><div class=\"mf_empty_space_xs\"  style=\"height: 30px\"><\/div><\/div>[\/vc_column_inner][\/vc_row_inner][vc_row_inner css=&#8221;.vc_custom_1580719365170{background-color: #ffffff !important;}&#8221;][vc_column_inner css=&#8221;.vc_custom_1743724254778{margin-bottom: 30px !important;padding-right: 40px !important;padding-left: 40px !important;background-position: center !important;background-repeat: no-repeat !important;background-size: contain !important;}&#8221; offset=&#8221;vc_col-lg-6 vc_col-md-6&#8243;]<div class=\"mf-empty-space \" style=\"\"><div class=\"mf_empty_space_lg\"  style=\"height: 25px\"><\/div><div class=\"mf_empty_space_md\"  style=\"height: 25px\"><\/div><div class=\"mf_empty_space_xs\"  style=\"height: 25px\"><\/div><\/div>[vc_single_image image=&#8221;4082&#8243; img_size=&#8221;&#8221; alignment=&#8221;center&#8221; css=&#8221;.vc_custom_1746198552897{padding-top: 200px !important;}&#8221;][\/vc_column_inner][vc_column_inner css=&#8221;.vc_custom_1510223818785{padding-right: 40px !important;}&#8221; offset=&#8221;vc_col-lg-6 vc_col-md-6&#8243;]<div class=\"mf-contact-form-7 form-light \" style=\"padding-top: 100px;\">\n<div class=\"wpcf7 no-js\" id=\"wpcf7-f3141-o1\" lang=\"en-US\" dir=\"ltr\" data-wpcf7-id=\"3141\">\n<div class=\"screen-reader-response\"><p role=\"status\" aria-live=\"polite\" aria-atomic=\"true\"><\/p> <ul><\/ul><\/div>\n<form action=\"\/index.php\/wp-json\/wp\/v2\/pages\/33#wpcf7-f3141-o1\" method=\"post\" class=\"wpcf7-form init\" aria-label=\"Contact form\" novalidate=\"novalidate\" data-status=\"init\">\n<fieldset class=\"hidden-fields-container\"><input type=\"hidden\" name=\"_wpcf7\" value=\"3141\" \/><input type=\"hidden\" name=\"_wpcf7_version\" value=\"6.1.1\" \/><input type=\"hidden\" name=\"_wpcf7_locale\" value=\"en_US\" \/><input type=\"hidden\" name=\"_wpcf7_unit_tag\" value=\"wpcf7-f3141-o1\" \/><input type=\"hidden\" name=\"_wpcf7_container_post\" value=\"0\" \/><input type=\"hidden\" name=\"_wpcf7_posted_data_hash\" value=\"\" \/>\n<\/fieldset>\n<div class=\"mf-form mf-form-4\">\n\t<h3 style=\"font-size: 20px; margin-top: 0;\">\u00a1Reg\u00edstrate y recibe descuento especial en tu primer cotizaci\u00f3n!\n\t<\/h3>\n\t<div class=\"row\">\n\t\t<div class=\"col-md-6 col-xs-12 col-sm-12\">\n\t\t\t<p><span class=\"wpcf7-form-control-wrap\" data-name=\"your-name\"><input size=\"40\" maxlength=\"400\" class=\"wpcf7-form-control wpcf7-text wpcf7-validates-as-required\" aria-required=\"true\" aria-invalid=\"false\" placeholder=\"Nombre\" value=\"\" type=\"text\" name=\"your-name\" \/><\/span>\n\t\t\t<\/p>\n\t\t<\/div>\n\t\t<div class=\"col-md-6 col-xs-12 col-sm-12\">\n\t\t\t<p><span class=\"wpcf7-form-control-wrap\" data-name=\"your-email\"><input size=\"40\" maxlength=\"400\" class=\"wpcf7-form-control wpcf7-email wpcf7-validates-as-required wpcf7-text wpcf7-validates-as-email\" aria-required=\"true\" aria-invalid=\"false\" placeholder=\"Correo\" value=\"\" type=\"email\" name=\"your-email\" \/><\/span>\n\t\t\t<\/p>\n\t\t<\/div>\n\t\t<div class=\"col-md-12 col-xs-12 col-sm-12\">\n\t\t\t<p><span class=\"wpcf7-form-control-wrap\" data-name=\"text-325\"><input size=\"40\" maxlength=\"400\" class=\"wpcf7-form-control wpcf7-text wpcf7-validates-as-required\" aria-required=\"true\" aria-invalid=\"false\" value=\"Empresa\" type=\"text\" name=\"text-325\" \/><\/span>\n\t\t\t<\/p>\n\t\t<\/div>\n\t\t<div class=\"col-md-12 col-xs-12 col-sm-12\">\n\t\t\t<p><span class=\"wpcf7-form-control-wrap\" data-name=\"text-413\"><input size=\"40\" maxlength=\"400\" class=\"wpcf7-form-control wpcf7-text wpcf7-validates-as-required\" aria-required=\"true\" aria-invalid=\"false\" value=\"Asunto\" type=\"text\" name=\"text-413\" \/><\/span>\n\t\t\t<\/p>\n\t\t<\/div>\n\t\t<p><span class=\"wpcf7-form-control-wrap\" data-name=\"textarea-282\"><textarea cols=\"40\" rows=\"10\" maxlength=\"2000\" class=\"wpcf7-form-control wpcf7-textarea\" aria-invalid=\"false\" name=\"textarea-282\">Mensaje<\/textarea><\/span>\n\t\t<\/p>\n\t\t<div class=\"col-md-12 col-xs-12 col-sm-12 submit-area\">\n\t\t\t<p><input class=\"wpcf7-form-control wpcf7-submit has-spinner\" type=\"submit\" value=\"Enviar\" \/>\n\t\t\t<\/p>\n\t\t<\/div>\n\t<\/div>\n<\/div><div class=\"wpcf7-response-output\" aria-hidden=\"true\"><\/div>\n<\/form>\n<\/div>\n<\/div><div class=\"mf-empty-space \" style=\"\"><div class=\"mf_empty_space_lg\"  style=\"height: 40px\"><\/div><div class=\"mf_empty_space_md\"  style=\"height: 40px\"><\/div><div class=\"mf_empty_space_xs\"  style=\"height: 40px\"><\/div><\/div>[\/vc_column_inner][\/vc_row_inner]<div class=\"mf-empty-space \" style=\"\"><div class=\"mf_empty_space_lg\"  style=\"height: 80px\"><\/div><div class=\"mf_empty_space_md\"  style=\"height: 50px\"><\/div><div class=\"mf_empty_space_xs\"  style=\"height: 50px\"><\/div><\/div>[\/vc_column][\/vc_row][vc_row][vc_column]<div class=\"mf-empty-space \" style=\"\"><div class=\"mf_empty_space_lg\"  style=\"height: 80px\"><\/div><div class=\"mf_empty_space_md\"  style=\"height: 50px\"><\/div><div class=\"mf_empty_space_xs\"  style=\"height: 50px\"><\/div><\/div><div class=\"mf-section-title text-center dark large-size \"><h2 >Clientes<\/h2><\/div><div class=\"mf-empty-space \" style=\"\"><div class=\"mf_empty_space_lg\"  style=\"height: 80px\"><\/div><div class=\"mf_empty_space_md\"  style=\"height: 50px\"><\/div><div class=\"mf_empty_space_xs\"  style=\"height: 50px\"><\/div><\/div>[\/vc_column][\/vc_row][vc_row][vc_column][vc_images_carousel images=&#8221;4063,4062,4061,4060,4059,4085,4086,4087&#8243; img_size=&#8221;full&#8221; slides_per_view=&#8221;5&#8243; hide_pagination_control=&#8221;yes&#8221; wrap=&#8221;yes&#8221; css=&#8221;.vc_custom_1743566825232{background-position: center !important;background-repeat: no-repeat !important;background-size: cover !important;}&#8221;][\/vc_column][\/vc_row]<\/p>\n<\/div>","protected":false},"excerpt":{"rendered":"<p>[vc_row full_width=&#8221;stretch_row_content_no_spaces&#8221;][vc_column][rev_slider_vc alias=&#8221;slider-3&#8243;][\/vc_column][\/vc_row][vc_row][vc_column][vc_empty_space][\/vc_column][\/vc_row][vc_row][vc_column width=&#8221;1\/4&#8243;][vc_single_image image=&#8221;4147&#8243; img_size=&#8221;1000&#8243; css=&#8221;&#8221;][\/vc_column][vc_column width=&#8221;1\/4&#8243;][vc_single_image image=&#8221;4148&#8243; img_size=&#8221;500&#8243; css=&#8221;&#8221;][\/vc_column][vc_column width=&#8221;1\/4&#8243;][vc_single_image image=&#8221;4150&#8243; img_size=&#8221;500&#8243; css=&#8221;&#8221;][\/vc_column][vc_column width=&#8221;1\/4&#8243;][vc_single_image image=&#8221;4151&#8243; img_size=&#8221;500&#8243; css=&#8221;&#8221;][\/vc_column][\/vc_row][vc_row css=&#8221;.vc_custom_1731641859916{background-color: #f2f2f2 !important;}&#8221;][vc_column][vc_empty_space][vc_custom_heading text=&#8221;COLABORACI\u00d3N CON ITTAI DISE\u00d1O COMERCIAL PARA AEREOM\u00c9XICO&#8221; font_container=&#8221;tag:h3|text_align:left&#8221; use_theme_fonts=&#8221;yes&#8221; css=&#8221;.vc_custom_1767018385433{margin-top: 0px !important;margin-bottom: 0px !important;}&#8221; el_class=&#8221;fw-medium&#8221;][vc_row_inner][vc_column_inner offset=&#8221;vc_col-lg-4 vc_col-md-6&#8243;][vc_single_image image=&#8221;4161&#8243; img_size=&#8221;370&#215;273&#8243; alignment=&#8221;center&#8221; css=&#8221;&#8221;][\/vc_column_inner][\/vc_row_inner][\/vc_column][\/vc_row][vc_row][vc_column][vc_row_inner][vc_column_inner width=&#8221;1\/4&#8243; offset=&#8221;vc_col-lg-4 vc_col-md-6 vc_col-xs-12&#8243;][\/vc_column_inner][vc_column_inner width=&#8221;1\/2&#8243; offset=&#8221;vc_col-lg-4 vc_col-md-6 vc_col-xs-12&#8243;][\/vc_column_inner][vc_column_inner width=&#8221;1\/2&#8243; offset=&#8221;vc_col-lg-4 vc_col-md-6 vc_col-xs-12&#8243;][\/vc_column_inner][\/vc_row_inner][vc_separator [&hellip;]<\/p>\n","protected":false},"author":1,"featured_media":0,"parent":0,"menu_order":0,"comment_status":"closed","ping_status":"closed","template":"template-homepage.php","meta":{"footnotes":""},"class_list":["post-33","page","type-page","status-publish","hentry","no-thumb"],"yoast_head":"<!-- This site is optimized with the Yoast SEO plugin v25.9 - https:\/\/yoast.com\/wordpress\/plugins\/seo\/ -->\n<title>Inicio - CIEF<\/title>\n<meta name=\"robots\" content=\"noindex, follow\" \/>\n<meta property=\"og:locale\" content=\"es_MX\" \/>\n<meta property=\"og:type\" content=\"article\" \/>\n<meta property=\"og:title\" content=\"Inicio - CIEF\" \/>\n<meta property=\"og:description\" content=\"[vc_row full_width=&#8221;stretch_row_content_no_spaces&#8221;][vc_column][rev_slider_vc alias=&#8221;slider-3&#8243;][\/vc_column][\/vc_row][vc_row][vc_column][vc_empty_space][\/vc_column][\/vc_row][vc_row][vc_column width=&#8221;1\/4&#8243;][vc_single_image image=&#8221;4147&#8243; img_size=&#8221;1000&#8243; css=&#8221;&#8221;][\/vc_column][vc_column width=&#8221;1\/4&#8243;][vc_single_image image=&#8221;4148&#8243; img_size=&#8221;500&#8243; css=&#8221;&#8221;][\/vc_column][vc_column width=&#8221;1\/4&#8243;][vc_single_image image=&#8221;4150&#8243; img_size=&#8221;500&#8243; css=&#8221;&#8221;][\/vc_column][vc_column width=&#8221;1\/4&#8243;][vc_single_image image=&#8221;4151&#8243; img_size=&#8221;500&#8243; css=&#8221;&#8221;][\/vc_column][\/vc_row][vc_row css=&#8221;.vc_custom_1731641859916{background-color: #f2f2f2 !important;}&#8221;][vc_column][vc_empty_space][vc_custom_heading text=&#8221;COLABORACI\u00d3N CON ITTAI DISE\u00d1O COMERCIAL PARA AEREOM\u00c9XICO&#8221; font_container=&#8221;tag:h3|text_align:left&#8221; use_theme_fonts=&#8221;yes&#8221; css=&#8221;.vc_custom_1767018385433{margin-top: 0px !important;margin-bottom: 0px !important;}&#8221; el_class=&#8221;fw-medium&#8221;][vc_row_inner][vc_column_inner offset=&#8221;vc_col-lg-4 vc_col-md-6&#8243;][vc_single_image image=&#8221;4161&#8243; img_size=&#8221;370&#215;273&#8243; alignment=&#8221;center&#8221; css=&#8221;&#8221;][\/vc_column_inner][\/vc_row_inner][\/vc_column][\/vc_row][vc_row][vc_column][vc_row_inner][vc_column_inner width=&#8221;1\/4&#8243; offset=&#8221;vc_col-lg-4 vc_col-md-6 vc_col-xs-12&#8243;][\/vc_column_inner][vc_column_inner width=&#8221;1\/2&#8243; offset=&#8221;vc_col-lg-4 vc_col-md-6 vc_col-xs-12&#8243;][\/vc_column_inner][vc_column_inner width=&#8221;1\/2&#8243; offset=&#8221;vc_col-lg-4 vc_col-md-6 vc_col-xs-12&#8243;][\/vc_column_inner][\/vc_row_inner][vc_separator [&hellip;]\" \/>\n<meta property=\"og:url\" content=\"https:\/\/cief.com.mx\/\" \/>\n<meta property=\"og:site_name\" content=\"CIEF\" \/>\n<meta property=\"article:modified_time\" content=\"2025-12-29T14:44:07+00:00\" \/>\n<meta property=\"og:image\" content=\"https:\/\/cief.com.mx\/wp-content\/uploads\/2025\/04\/Logo-CIEF-Vector-png-e1746198444189.png\" \/>\n\t<meta property=\"og:image:width\" content=\"361\" \/>\n\t<meta property=\"og:image:height\" content=\"123\" \/>\n\t<meta property=\"og:image:type\" content=\"image\/png\" \/>\n<meta name=\"twitter:card\" content=\"summary_large_image\" \/>\n<meta name=\"twitter:label1\" content=\"Tiempo de lectura\" \/>\n\t<meta name=\"twitter:data1\" content=\"4 minutos\" \/>\n<script type=\"application\/ld+json\" class=\"yoast-schema-graph\">{\"@context\":\"https:\/\/schema.org\",\"@graph\":[{\"@type\":\"WebPage\",\"@id\":\"https:\/\/cief.com.mx\/\",\"url\":\"https:\/\/cief.com.mx\/\",\"name\":\"Inicio - CIEF\",\"isPartOf\":{\"@id\":\"https:\/\/cief.com.mx\/#website\"},\"datePublished\":\"2017-10-31T07:44:12+00:00\",\"dateModified\":\"2025-12-29T14:44:07+00:00\",\"breadcrumb\":{\"@id\":\"https:\/\/cief.com.mx\/#breadcrumb\"},\"inLanguage\":\"es\",\"potentialAction\":[{\"@type\":\"ReadAction\",\"target\":[\"https:\/\/cief.com.mx\/\"]}]},{\"@type\":\"BreadcrumbList\",\"@id\":\"https:\/\/cief.com.mx\/#breadcrumb\",\"itemListElement\":[{\"@type\":\"ListItem\",\"position\":1,\"name\":\"Inicio\",\"item\":\"https:\/\/cief.com.mx\/\"},{\"@type\":\"ListItem\",\"position\":2,\"name\":\"Inicio\"}]},{\"@type\":\"WebSite\",\"@id\":\"https:\/\/cief.com.mx\/#website\",\"url\":\"https:\/\/cief.com.mx\/\",\"name\":\"CIEF\",\"description\":\"CIEF\",\"publisher\":{\"@id\":\"https:\/\/cief.com.mx\/#organization\"},\"potentialAction\":[{\"@type\":\"SearchAction\",\"target\":{\"@type\":\"EntryPoint\",\"urlTemplate\":\"https:\/\/cief.com.mx\/?s={search_term_string}\"},\"query-input\":{\"@type\":\"PropertyValueSpecification\",\"valueRequired\":true,\"valueName\":\"search_term_string\"}}],\"inLanguage\":\"es\"},{\"@type\":\"Organization\",\"@id\":\"https:\/\/cief.com.mx\/#organization\",\"name\":\"CIEF\",\"url\":\"https:\/\/cief.com.mx\/\",\"logo\":{\"@type\":\"ImageObject\",\"inLanguage\":\"es\",\"@id\":\"https:\/\/cief.com.mx\/#\/schema\/logo\/image\/\",\"url\":\"https:\/\/cief.com.mx\/wp-content\/uploads\/2025\/04\/Logo-CIEF-Vector-png-e1743565377205.png\",\"contentUrl\":\"https:\/\/cief.com.mx\/wp-content\/uploads\/2025\/04\/Logo-CIEF-Vector-png-e1743565377205.png\",\"width\":361,\"height\":184,\"caption\":\"CIEF\"},\"image\":{\"@id\":\"https:\/\/cief.com.mx\/#\/schema\/logo\/image\/\"}}]}<\/script>\n<!-- \/ Yoast SEO plugin. -->","yoast_head_json":{"title":"Inicio - CIEF","robots":{"index":"noindex","follow":"follow"},"og_locale":"es_MX","og_type":"article","og_title":"Inicio - CIEF","og_description":"[vc_row full_width=&#8221;stretch_row_content_no_spaces&#8221;][vc_column][rev_slider_vc alias=&#8221;slider-3&#8243;][\/vc_column][\/vc_row][vc_row][vc_column][vc_empty_space][\/vc_column][\/vc_row][vc_row][vc_column width=&#8221;1\/4&#8243;][vc_single_image image=&#8221;4147&#8243; img_size=&#8221;1000&#8243; css=&#8221;&#8221;][\/vc_column][vc_column width=&#8221;1\/4&#8243;][vc_single_image image=&#8221;4148&#8243; img_size=&#8221;500&#8243; css=&#8221;&#8221;][\/vc_column][vc_column width=&#8221;1\/4&#8243;][vc_single_image image=&#8221;4150&#8243; img_size=&#8221;500&#8243; css=&#8221;&#8221;][\/vc_column][vc_column width=&#8221;1\/4&#8243;][vc_single_image image=&#8221;4151&#8243; img_size=&#8221;500&#8243; css=&#8221;&#8221;][\/vc_column][\/vc_row][vc_row css=&#8221;.vc_custom_1731641859916{background-color: #f2f2f2 !important;}&#8221;][vc_column][vc_empty_space][vc_custom_heading text=&#8221;COLABORACI\u00d3N CON ITTAI DISE\u00d1O COMERCIAL PARA AEREOM\u00c9XICO&#8221; font_container=&#8221;tag:h3|text_align:left&#8221; use_theme_fonts=&#8221;yes&#8221; css=&#8221;.vc_custom_1767018385433{margin-top: 0px !important;margin-bottom: 0px !important;}&#8221; el_class=&#8221;fw-medium&#8221;][vc_row_inner][vc_column_inner offset=&#8221;vc_col-lg-4 vc_col-md-6&#8243;][vc_single_image image=&#8221;4161&#8243; img_size=&#8221;370&#215;273&#8243; alignment=&#8221;center&#8221; css=&#8221;&#8221;][\/vc_column_inner][\/vc_row_inner][\/vc_column][\/vc_row][vc_row][vc_column][vc_row_inner][vc_column_inner width=&#8221;1\/4&#8243; offset=&#8221;vc_col-lg-4 vc_col-md-6 vc_col-xs-12&#8243;][\/vc_column_inner][vc_column_inner width=&#8221;1\/2&#8243; offset=&#8221;vc_col-lg-4 vc_col-md-6 vc_col-xs-12&#8243;][\/vc_column_inner][vc_column_inner width=&#8221;1\/2&#8243; offset=&#8221;vc_col-lg-4 vc_col-md-6 vc_col-xs-12&#8243;][\/vc_column_inner][\/vc_row_inner][vc_separator [&hellip;]","og_url":"https:\/\/cief.com.mx\/","og_site_name":"CIEF","article_modified_time":"2025-12-29T14:44:07+00:00","og_image":[{"width":361,"height":123,"url":"https:\/\/cief.com.mx\/wp-content\/uploads\/2025\/04\/Logo-CIEF-Vector-png-e1746198444189.png","type":"image\/png"}],"twitter_card":"summary_large_image","twitter_misc":{"Tiempo de lectura":"4 minutos"},"schema":{"@context":"https:\/\/schema.org","@graph":[{"@type":"WebPage","@id":"https:\/\/cief.com.mx\/","url":"https:\/\/cief.com.mx\/","name":"Inicio - CIEF","isPartOf":{"@id":"https:\/\/cief.com.mx\/#website"},"datePublished":"2017-10-31T07:44:12+00:00","dateModified":"2025-12-29T14:44:07+00:00","breadcrumb":{"@id":"https:\/\/cief.com.mx\/#breadcrumb"},"inLanguage":"es","potentialAction":[{"@type":"ReadAction","target":["https:\/\/cief.com.mx\/"]}]},{"@type":"BreadcrumbList","@id":"https:\/\/cief.com.mx\/#breadcrumb","itemListElement":[{"@type":"ListItem","position":1,"name":"Inicio","item":"https:\/\/cief.com.mx\/"},{"@type":"ListItem","position":2,"name":"Inicio"}]},{"@type":"WebSite","@id":"https:\/\/cief.com.mx\/#website","url":"https:\/\/cief.com.mx\/","name":"CIEF","description":"CIEF","publisher":{"@id":"https:\/\/cief.com.mx\/#organization"},"potentialAction":[{"@type":"SearchAction","target":{"@type":"EntryPoint","urlTemplate":"https:\/\/cief.com.mx\/?s={search_term_string}"},"query-input":{"@type":"PropertyValueSpecification","valueRequired":true,"valueName":"search_term_string"}}],"inLanguage":"es"},{"@type":"Organization","@id":"https:\/\/cief.com.mx\/#organization","name":"CIEF","url":"https:\/\/cief.com.mx\/","logo":{"@type":"ImageObject","inLanguage":"es","@id":"https:\/\/cief.com.mx\/#\/schema\/logo\/image\/","url":"https:\/\/cief.com.mx\/wp-content\/uploads\/2025\/04\/Logo-CIEF-Vector-png-e1743565377205.png","contentUrl":"https:\/\/cief.com.mx\/wp-content\/uploads\/2025\/04\/Logo-CIEF-Vector-png-e1743565377205.png","width":361,"height":184,"caption":"CIEF"},"image":{"@id":"https:\/\/cief.com.mx\/#\/schema\/logo\/image\/"}}]}},"_links":{"self":[{"href":"https:\/\/cief.com.mx\/index.php\/wp-json\/wp\/v2\/pages\/33","targetHints":{"allow":["GET"]}}],"collection":[{"href":"https:\/\/cief.com.mx\/index.php\/wp-json\/wp\/v2\/pages"}],"about":[{"href":"https:\/\/cief.com.mx\/index.php\/wp-json\/wp\/v2\/types\/page"}],"author":[{"embeddable":true,"href":"https:\/\/cief.com.mx\/index.php\/wp-json\/wp\/v2\/users\/1"}],"replies":[{"embeddable":true,"href":"https:\/\/cief.com.mx\/index.php\/wp-json\/wp\/v2\/comments?post=33"}],"version-history":[{"count":28,"href":"https:\/\/cief.com.mx\/index.php\/wp-json\/wp\/v2\/pages\/33\/revisions"}],"predecessor-version":[{"id":4163,"href":"https:\/\/cief.com.mx\/index.php\/wp-json\/wp\/v2\/pages\/33\/revisions\/4163"}],"wp:attachment":[{"href":"https:\/\/cief.com.mx\/index.php\/wp-json\/wp\/v2\/media?parent=33"}],"curies":[{"name":"wp","href":"https:\/\/api.w.org\/{rel}","templated":true}]}}